{"id":15544,"date":"2023-03-02T20:26:23","date_gmt":"2023-03-02T17:26:23","guid":{"rendered":"http:\/\/filiktekstil.com\/?page_id=15544"},"modified":"2024-04-26T19:31:00","modified_gmt":"2024-04-26T16:31:00","slug":"insan-kaynaklari","status":"publish","type":"page","link":"https:\/\/filiktekstil.com\/?page_id=15544&lang=tr","title":{"rendered":"\u0130NSAN KAYNAKLARI"},"content":{"rendered":"<p>[vc_row css=&#8221;.vc_custom_1677777810627{margin-top: 50px !important;}&#8221;][vc_column width=&#8221;1\/2&#8243;][vc_single_image image=&#8221;16419&#8243; img_size=&#8221;full&#8221;][\/vc_column][vc_column width=&#8221;1\/2&#8243;]<div id=\"ultimate-heading-691469e74f4ef24a9\" class=\"uvc-heading ult-adjust-bottom-margin ultimate-heading-691469e74f4ef24a9 uvc-5564  uvc-heading-default-font-sizes\" data-hspacer=\"no_spacer\"  data-halign=\"left\" style=\"text-align:left\"><div class=\"uvc-heading-spacer no_spacer\" style=\"top\"><\/div><div class=\"uvc-main-heading ult-responsive\"  data-ultimate-target='.uvc-heading.ultimate-heading-691469e74f4ef24a9 h2'  data-responsive-json-new='{\"font-size\":\"\",\"line-height\":\"\"}' ><h2 style=\"--font-weight:theme;\">EN \u00d6NEML\u0130 DE\u011eER \u0130NSANDIR.<\/h2><\/div><\/div>[vc_column_text]Filik Tekstil olarak, s\u00fcrd\u00fcr\u00fclebilirlik ve \u00e7evre bilincine dayanan k\u00f6kl\u00fc felsefemiz, insan kaynaklar\u0131 politikam\u0131z\u0131n temelini de \u015fekillendirir. \u00c7al\u0131\u015fanlar\u0131m\u0131z, vizyonumuzun merkezindedir ve onlar\u0131n mesleki geli\u015fimi, i\u015f sa\u011fl\u0131\u011f\u0131 ve g\u00fcvenli\u011fi, ayn\u0131 zamanda ki\u015fisel ve mesleki haklar\u0131, i\u015f prati\u011fimizin ayr\u0131lmaz bir par\u00e7as\u0131d\u0131r.<\/p>\n<p>\u00c7al\u0131\u015fanlar\u0131n Geli\u015fimi ve E\u011fitimi: \u00c7al\u0131\u015fanlar\u0131m\u0131z\u0131n s\u00fcrekli e\u011fitimi ve geli\u015fimi bizim i\u00e7in \u00f6nceliklidir. \u00c7evre koruma, s\u00fcrd\u00fcr\u00fclebilirlik ve etik i\u015f uygulamalar\u0131 konusunda d\u00fczenli e\u011fitimler sa\u011flar\u0131z, b\u00f6ylece her birey sekt\u00f6rdeki yeniliklerden haberdar olur ve \u015firketin ekolojik ayak izini azaltma hedefine katk\u0131da bulunur.<\/p>\n<p>Sa\u011fl\u0131k ve G\u00fcvenlik: \u0130\u015f sa\u011fl\u0131\u011f\u0131 ve g\u00fcvenli\u011fi standartlar\u0131n\u0131 en \u00fcst d\u00fczeyde tutmay\u0131 taahh\u00fct ederiz. Risk analizleri ve d\u00fczenli denetimlerle, \u00e7al\u0131\u015fma ortam\u0131n\u0131 s\u00fcrekli olarak iyile\u015ftirmeyi ve t\u00fcm \u00e7al\u0131\u015fanlar i\u00e7in g\u00fcvenli bir ortam sa\u011flamay\u0131 hedefleriz.<\/p>\n<p>F\u0131rsat E\u015fitli\u011fi ve \u00c7e\u015fitlilik: \u00c7e\u015fitlili\u011fe ve kapsay\u0131c\u0131l\u0131\u011fa inan\u0131r, herkes i\u00e7in e\u015fit f\u0131rsatlar yaratmay\u0131 taahh\u00fct ederiz. \u0130\u015fe al\u0131m s\u00fcre\u00e7lerimizde ve kariyer geli\u015fiminde cinsiyet, \u0131rk, etnik k\u00f6ken, din veya ya\u015f ayr\u0131m\u0131 yapmaks\u0131z\u0131n tam bir e\u015fitlik ilkesi izleriz. Kad\u0131n i\u015fg\u00fcc\u00fcn\u00fcn g\u00fc\u00e7lendirilmesi ve liderlik pozisyonlar\u0131nda daha fazla temsil edilmesi konusunda \u00f6zel bir taahh\u00fct i\u00e7indeyiz, \u00e7\u00fcnk\u00fc kad\u0131nlar\u0131n i\u015f g\u00fcc\u00fcne kat\u0131l\u0131m\u0131n\u0131n sadece \u015firketimize de\u011fil, t\u00fcm topluma de\u011fer katt\u0131\u011f\u0131na inan\u0131yoruz.<\/p>\n<p>\u00c7al\u0131\u015fma Ko\u015fullar\u0131 ve \u00c7al\u0131\u015fan Haklar\u0131: \u00c7al\u0131\u015fanlar\u0131m\u0131z\u0131n haklar\u0131na sayg\u0131 duyar, adil \u00e7al\u0131\u015fma saatleri, \u00fccretler ve sosyal haklar konusunda sekt\u00f6r standartlar\u0131n\u0131n \u00fczerinde bir politika izleriz. Ayr\u0131ca, \u00e7al\u0131\u015fanlar\u0131n seslerinin duyuldu\u011fu, d\u00fc\u015f\u00fcncelerini ve \u00f6nerilerini rahat\u00e7a payla\u015fabildikleri bir kurum k\u00fclt\u00fcr\u00fc te\u015fvik ederiz.<\/p>\n<p>Etik ve \u015eeffafl\u0131k: \u0130\u015f eti\u011fi ve \u015feffafl\u0131k, faaliyetlerimizin temelini olu\u015fturur. \u00c7al\u0131\u015fanlar\u0131m\u0131zdan, tedarik\u00e7ilerimize ve m\u00fc\u015fterilerimize kadar t\u00fcm payda\u015flar\u0131m\u0131zla olan ili\u015fkilerimizde d\u00fcr\u00fcstl\u00fck ve a\u00e7\u0131kl\u0131k bekleriz.<\/p>\n<p>\u00c7evresel Sorumluluk Bilinci: \u00c7al\u0131\u015fanlar\u0131m\u0131z\u0131n \u00e7evresel sorumluluk projelerine kat\u0131l\u0131m\u0131n\u0131 te\u015fvik eder ve bu konuda g\u00f6n\u00fcll\u00fc \u00e7al\u0131\u015fmalar yapmalar\u0131n\u0131 destekleriz. B\u00f6ylece, sadece i\u015f ya\u015fam\u0131nda de\u011fil, ki\u015fisel ya\u015famlar\u0131nda da s\u00fcrd\u00fcr\u00fclebilirlik prensiplerini benimsemelerine yard\u0131mc\u0131 oluruz.<\/p>\n<p>Filik Tekstil olarak, bu ilkeler do\u011frultusunda, \u00e7al\u0131\u015fanlar\u0131m\u0131z\u0131n de\u011ferini ve potansiyelini en \u00fcst d\u00fczeye \u00e7\u0131karmay\u0131 hedefleriz. Onlar\u0131n ki\u015fisel ve profesyonel geli\u015fimleri, \u015firketimizin genel ba\u015far\u0131s\u0131 ve s\u00fcrd\u00fcr\u00fclebilir gelece\u011fimizin teminat\u0131d\u0131r. Kad\u0131n \u00e7al\u0131\u015fanlar\u0131m\u0131z\u0131n g\u00fc\u00e7lenmesi ve sekt\u00f6rde lider konumda olmalar\u0131 i\u00e7in gerekli t\u00fcm destek ve kaynaklar\u0131 sa\u011flama konusunda kararl\u0131y\u0131z, \u00e7\u00fcnk\u00fc onlar\u0131n katk\u0131lar\u0131 bizim en b\u00fcy\u00fck g\u00fcc\u00fcm\u00fczd\u00fcr.[\/vc_column_text][\/vc_column][\/vc_row][vc_row][vc_column][vc_raw_html]JTVCZmMlMjBpZCUzRCUyNzElMjclNUQlNUIlMkZmYyU1RA==[\/vc_raw_html][\/vc_column][\/vc_row]<\/p>\n","protected":false},"excerpt":{"rendered":"<p>[vc_row css=&#8221;.vc_custom_1677777810627{margin-top: 50px !important;}&#8221;][vc_column width=&#8221;1\/2&#8243;][vc_single_image image=&#8221;16419&#8243; img_size=&#8221;full&#8221;][\/vc_column][vc_column width=&#8221;1\/2&#8243;][vc_column_text]Filik Tekstil olarak, s\u00fcrd\u00fcr\u00fclebilirlik ve \u00e7evre bilincine dayanan k\u00f6kl\u00fc felsefemiz, insan kaynaklar\u0131 politikam\u0131z\u0131n temelini de \u015fekillendirir. \u00c7al\u0131\u015fanlar\u0131m\u0131z, vizyonumuzun merkezindedir ve onlar\u0131n mesleki geli\u015fimi, i\u015f sa\u011fl\u0131\u011f\u0131 ve g\u00fcvenli\u011fi, ayn\u0131 zamanda ki\u015fisel ve mesleki haklar\u0131, i\u015f prati\u011fimizin ayr\u0131lmaz bir par\u00e7as\u0131d\u0131r. \u00c7al\u0131\u015fanlar\u0131n Geli\u015fimi ve E\u011fitimi: \u00c7al\u0131\u015fanlar\u0131m\u0131z\u0131n s\u00fcrekli e\u011fitimi ve geli\u015fimi bizim&hellip;<\/p>\n","protected":false},"author":1,"featured_media":0,"parent":15380,"menu_order":500,"comment_status":"closed","ping_status":"closed","template":"","meta":{"footnotes":""},"class_list":["post-15544","page","type-page","status-publish","hentry","description-off"],"_links":{"self":[{"href":"https:\/\/filiktekstil.com\/index.php?rest_route=\/wp\/v2\/pages\/15544","targetHints":{"allow":["GET"]}}],"collection":[{"href":"https:\/\/filiktekstil.com\/index.php?rest_route=\/wp\/v2\/pages"}],"about":[{"href":"https:\/\/filiktekstil.com\/index.php?rest_route=\/wp\/v2\/types\/page"}],"author":[{"embeddable":true,"href":"https:\/\/filiktekstil.com\/index.php?rest_route=\/wp\/v2\/users\/1"}],"replies":[{"embeddable":true,"href":"https:\/\/filiktekstil.com\/index.php?rest_route=%2Fwp%2Fv2%2Fcomments&post=15544"}],"version-history":[{"count":13,"href":"https:\/\/filiktekstil.com\/index.php?rest_route=\/wp\/v2\/pages\/15544\/revisions"}],"predecessor-version":[{"id":16428,"href":"https:\/\/filiktekstil.com\/index.php?rest_route=\/wp\/v2\/pages\/15544\/revisions\/16428"}],"up":[{"embeddable":true,"href":"https:\/\/filiktekstil.com\/index.php?rest_route=\/wp\/v2\/pages\/15380"}],"wp:attachment":[{"href":"https:\/\/filiktekstil.com\/index.php?rest_route=%2Fwp%2Fv2%2Fmedia&parent=15544"}],"curies":[{"name":"wp","href":"https:\/\/api.w.org\/{rel}","templated":true}]}}