{"id":16512,"date":"2024-04-27T00:11:10","date_gmt":"2024-04-26T21:11:10","guid":{"rendered":"http:\/\/filiktekstil.com\/?page_id=16512"},"modified":"2024-04-30T13:39:21","modified_gmt":"2024-04-30T10:39:21","slug":"sobre-nos","status":"publish","type":"page","link":"https:\/\/filiktekstil.com\/?page_id=16512&lang=pt","title":{"rendered":"SOBRE N\u00d3S"},"content":{"rendered":"<p>[vc_row css=&#8221;.vc_custom_1677777810627{margin-top: 50px !important;}&#8221;][vc_column width=&#8221;1\/2&#8243;][vc_single_image image=&#8221;16662&#8243; img_size=&#8221;full&#8221;][\/vc_column][vc_column width=&#8221;1\/2&#8243;][vc_column_text el_class=&#8221;yasla&#8221;]Filik T\u00eaxtil foi um sonho que brotou em 2008 atrav\u00e9s da vis\u00e3o de Mevl\u00fct Filik. Esta vis\u00e3o n\u00e3o era apenas sobre estabelecer uma empresa; tamb\u00e9m abrangia construir as funda\u00e7\u00f5es de um futuro sustent\u00e1vel em harmonia com a natureza. Em cada fibra e cada bump, tecemos n\u00e3o apenas qualidade, mas tamb\u00e9m uma consci\u00eancia de preservar a natureza.<\/p>\n<p>Sob a lideran\u00e7a de Mevl\u00fct Filik, com os ventos de institucionaliza\u00e7\u00e3o e crescimento em 2019, fortalecemos nosso objetivo de contribuir n\u00e3o apenas para nossa ind\u00fastria, mas tamb\u00e9m para um mundo mais verde. Com nossa segunda f\u00e1brica aberta em 2021, levamos a sustentabilidade ao nosso n\u00facleo e aumentamos ainda mais nossa produ\u00e7\u00e3o de fibras recicladas.<\/p>\n<p>Nossa primeira f\u00e1brica ocupa 3.758 m\u00b2 de espa\u00e7o fechado. Aqui, utilizando fibras sint\u00e9ticas e naturais como acr\u00edlico reciclado, poli\u00e9ster, algod\u00e3o e l\u00e3, aproveitamos ao m\u00e1ximo os valores que a natureza oferece. Nossa segunda f\u00e1brica hospeda 12.000 m\u00b2 de espa\u00e7os abertos e fechados, enfatizando a import\u00e2ncia da sustentabilidade com a produ\u00e7\u00e3o de bumps de fibras recicladas.<\/p>\n<p>Ao lado de Mevl\u00fct Filik na gest\u00e3o, com Murat Filik e Berkay Filik, continuamos a liderar o caminho no mundo t\u00eaxtil com uma abordagem que est\u00e1 em harmonia com a natureza. Seja no mercado interno ou internacional, de fios a su\u00e9teres, de cobertores a meias, voc\u00ea pode ver os tra\u00e7os de sustentabilidade e preserva\u00e7\u00e3o da natureza na fibra de Filik.<\/p>\n<p>Com mais de 100 valiosos funcion\u00e1rios, nossa capacidade de produ\u00e7\u00e3o de 900.000 KG de fibra e 120.000 KG de bumps por m\u00eas desempenha um papel ativo n\u00e3o apenas na ind\u00fastria t\u00eaxtil, mas tamb\u00e9m na constru\u00e7\u00e3o de um mundo mais verde e sustent\u00e1vel. Filik T\u00eaxtil, pulsando ao ritmo da natureza, constr\u00f3i um futuro sustent\u00e1vel para a natureza e a humanidade, al\u00e9m de ser apenas uma empresa.[\/vc_column_text][\/vc_column][\/vc_row][vc_row][vc_column]<div id=\"ultimate-video-443269e388e80ce63\" class=\"ult-video  ult-adjust-bottom-margin ultimate-video-443269e388e80ce63 ultv-6942 \"><div class=\"ultv-video ultv-aspect-ratio-16_9 ultv-subscribe-responsive-none\" data-videotype=\"uv_iframe\">\n\t\t\t\t\t\t<div class=\"ultv-video__outer-wrap\" data-autoplay=\"0\" data-device=\"false\"  data-iconbg=\"#3A3A3A\" data-overcolor=\"\" data-defaultbg=\"#1f1f1e\" data-defaultplay=\"defaulticon\"><div class=\"ultv-video__play\" data-src=\"https:\/\/www.youtube.com\/embed\/2mwdVboxhuI?rel=0&amp;start&amp;end&amp;controls=1&amp;mute=0&amp;modestbranding=0&amp;autoplay=1\">\n\t\t\t\t\t\t\t\t<img decoding=\"async\" class=\"ultv-video__thumb\" src=\"https:\/\/i.ytimg.com\/vi\/2mwdVboxhuI\/maxresdefault.jpg\"\/>\n\t\t\t\t\t\t\t\t<div class=\"ultv-video__play-icon  ultv-animation-none\" style=\"width:75px\"><svg height=\"100%\" version=\"1.1\" viewBox=\"0 0 68 48\" width=\"100%\"><path class=\"ultv-youtube-icon-bg\" d=\"m .66,37.62 c 0,0 .66,4.70 2.70,6.77 2.58,2.71 5.98,2.63 7.49,2.91 5.43,.52 23.10,.68 23.12,.68 .00,-1.3e-5 14.29,-0.02 23.81,-0.71 1.32,-0.15 4.22,-0.17 6.81,-2.89 2.03,-2.07 2.70,-6.77 2.70,-6.77 0,0 .67,-5.52 .67,-11.04 l 0,-5.17 c 0,-5.52 -0.67,-11.04 -0.67,-11.04 0,0 -0.66,-4.70 -2.70,-6.77 C 62.03,.86 59.13,.84 57.80,.69 48.28,0 34.00,0 34.00,0 33.97,0 19.69,0 10.18,.69 8.85,.84 5.95,.86 3.36,3.58 1.32,5.65 .66,10.35 .66,10.35 c 0,0 -0.55,4.50 -0.66,9.45 l 0,8.36 c .10,4.94 .66,9.45 .66,9.45 z\" fill=\"#1f1f1e\" ><\/path><path d=\"m 26.96,13.67 18.37,9.62 -18.37,9.55 -0.00,-19.17 z\" fill=\"#fff\"><\/path><path d=\"M 45.02,23.46 45.32,23.28 26.96,13.67 43.32,22.34 45.02,23.46 z\" fill=\"#ccc\"><\/path><\/svg><\/div> <\/div> <\/div><\/div><\/div>[\/vc_column][\/vc_row]<\/p>\n","protected":false},"excerpt":{"rendered":"<p>[vc_row css=&#8221;.vc_custom_1677777810627{margin-top: 50px !important;}&#8221;][vc_column width=&#8221;1\/2&#8243;][vc_single_image image=&#8221;16662&#8243; img_size=&#8221;full&#8221;][\/vc_column][vc_column width=&#8221;1\/2&#8243;][vc_column_text el_class=&#8221;yasla&#8221;]Filik T\u00eaxtil foi um sonho que brotou em 2008 atrav\u00e9s da vis\u00e3o de Mevl\u00fct Filik. Esta vis\u00e3o n\u00e3o era apenas sobre estabelecer uma empresa; tamb\u00e9m abrangia construir as funda\u00e7\u00f5es de um futuro sustent\u00e1vel em harmonia com a natureza. Em cada fibra e cada bump, tecemos n\u00e3o apenas&hellip;<\/p>\n","protected":false},"author":1,"featured_media":0,"parent":0,"menu_order":500,"comment_status":"closed","ping_status":"closed","template":"","meta":{"footnotes":""},"class_list":["post-16512","page","type-page","status-publish","hentry","description-off"],"_links":{"self":[{"href":"https:\/\/filiktekstil.com\/index.php?rest_route=\/wp\/v2\/pages\/16512","targetHints":{"allow":["GET"]}}],"collection":[{"href":"https:\/\/filiktekstil.com\/index.php?rest_route=\/wp\/v2\/pages"}],"about":[{"href":"https:\/\/filiktekstil.com\/index.php?rest_route=\/wp\/v2\/types\/page"}],"author":[{"embeddable":true,"href":"https:\/\/filiktekstil.com\/index.php?rest_route=\/wp\/v2\/users\/1"}],"replies":[{"embeddable":true,"href":"https:\/\/filiktekstil.com\/index.php?rest_route=%2Fwp%2Fv2%2Fcomments&post=16512"}],"version-history":[{"count":3,"href":"https:\/\/filiktekstil.com\/index.php?rest_route=\/wp\/v2\/pages\/16512\/revisions"}],"predecessor-version":[{"id":16663,"href":"https:\/\/filiktekstil.com\/index.php?rest_route=\/wp\/v2\/pages\/16512\/revisions\/16663"}],"wp:attachment":[{"href":"https:\/\/filiktekstil.com\/index.php?rest_route=%2Fwp%2Fv2%2Fmedia&parent=16512"}],"curies":[{"name":"wp","href":"https:\/\/api.w.org\/{rel}","templated":true}]}}