{"id":16516,"date":"2024-04-27T00:14:17","date_gmt":"2024-04-26T21:14:17","guid":{"rendered":"http:\/\/filiktekstil.com\/?page_id=16516"},"modified":"2024-04-27T01:07:40","modified_gmt":"2024-04-26T22:07:40","slug":"recursos-humanos","status":"publish","type":"page","link":"https:\/\/filiktekstil.com\/?page_id=16516&lang=pt","title":{"rendered":"RECURSOS HUMANOS"},"content":{"rendered":"<p>[vc_row css=&#8221;.vc_custom_1677777810627{margin-top: 50px !important;}&#8221;][vc_column width=&#8221;1\/2&#8243;][vc_single_image image=&#8221;16419&#8243; img_size=&#8221;full&#8221;][\/vc_column][vc_column width=&#8221;1\/2&#8243;]<div id=\"ultimate-heading-328169e3720ca7e85\" class=\"uvc-heading ult-adjust-bottom-margin ultimate-heading-328169e3720ca7e85 uvc-8334  uvc-heading-default-font-sizes\" data-hspacer=\"no_spacer\"  data-halign=\"left\" style=\"text-align:left\"><div class=\"uvc-heading-spacer no_spacer\" style=\"top\"><\/div><div class=\"uvc-main-heading ult-responsive\"  data-ultimate-target='.uvc-heading.ultimate-heading-328169e3720ca7e85 h2'  data-responsive-json-new='{\"font-size\":\"\",\"line-height\":\"\"}' ><h2 style=\"--font-weight:theme;\">O VALOR MAIS IMPORTANTE \u00c9 AS PESSOAS.<\/h2><\/div><\/div>[vc_column_text]Na Filik T\u00eaxtil, nossa filosofia profundamente enraizada na sustentabilidade e consci\u00eancia ambiental tamb\u00e9m molda nossa pol\u00edtica de recursos humanos. Nossos funcion\u00e1rios est\u00e3o no centro de nossa vis\u00e3o, e seu desenvolvimento profissional, sa\u00fade e seguran\u00e7a ocupacional, bem como seus direitos pessoais e profissionais, s\u00e3o uma parte integrante de nossa pr\u00e1tica de neg\u00f3cios.<\/p>\n<p><strong>Desenvolvimento e Treinamento de Funcion\u00e1rios:<\/strong> A educa\u00e7\u00e3o e desenvolvimento cont\u00ednuos de nossos funcion\u00e1rios s\u00e3o uma prioridade para n\u00f3s. Fornecemos treinamentos regulares sobre prote\u00e7\u00e3o ambiental, sustentabilidade e pr\u00e1ticas de neg\u00f3cios \u00e9ticas, para que cada indiv\u00edduo esteja ciente das inova\u00e7\u00f5es do setor e contribua para o objetivo da empresa de reduzir nossa pegada ecol\u00f3gica.<\/p>\n<p><strong>Sa\u00fade e Seguran\u00e7a:<\/strong> Comprometemo-nos a manter os mais altos padr\u00f5es de sa\u00fade e seguran\u00e7a ocupacional. Atrav\u00e9s de an\u00e1lises de risco e inspe\u00e7\u00f5es regulares, pretendemos melhorar continuamente o ambiente de trabalho e garantir um ambiente seguro para todos os funcion\u00e1rios.<\/p>\n<p><strong>Igualdade de Oportunidades e Diversidade:<\/strong> Acreditamos na diversidade e inclus\u00e3o e comprometemo-nos a criar oportunidades iguais para todos. Nossos processos de recrutamento e desenvolvimento de carreira seguem um princ\u00edpio de igualdade completa sem discrimina\u00e7\u00e3o por g\u00eanero, ra\u00e7a, etnia, religi\u00e3o ou idade. Estamos particularmente comprometidos em empoderar mulheres na for\u00e7a de trabalho e aumentar sua representa\u00e7\u00e3o em posi\u00e7\u00f5es de lideran\u00e7a, pois acreditamos que a participa\u00e7\u00e3o das mulheres n\u00e3o apenas agrega valor \u00e0 nossa empresa, mas tamb\u00e9m \u00e0 sociedade como um todo.<\/p>\n<p><strong>Condi\u00e7\u00f5es de Trabalho e Direitos dos Funcion\u00e1rios:<\/strong> Respeitamos os direitos de nossos funcion\u00e1rios e seguimos uma pol\u00edtica que excede os padr\u00f5es da ind\u00fastria em rela\u00e7\u00e3o a hor\u00e1rios de trabalho justos, sal\u00e1rios e direitos sociais. Al\u00e9m disso, incentivamos uma cultura corporativa onde as vozes dos funcion\u00e1rios s\u00e3o ouvidas, e eles podem compartilhar confortavelmente seus pensamentos e sugest\u00f5es.<\/p>\n<p><strong>\u00c9tica e Transpar\u00eancia:<\/strong> \u00c9tica e transpar\u00eancia s\u00e3o fundamentais para nossas opera\u00e7\u00f5es. Esperamos honestidade e abertura em nossas rela\u00e7\u00f5es com todos os stakeholders, desde nossos funcion\u00e1rios at\u00e9 nossos fornecedores e clientes.<\/p>\n<p><strong>Consci\u00eancia de Responsabilidade Ambiental:<\/strong> Encorajamos nossos funcion\u00e1rios a participar de projetos de responsabilidade ambiental e apoiamos seus esfor\u00e7os volunt\u00e1rios nesta \u00e1rea. Assim, ajudamos eles a adotar princ\u00edpios de sustentabilidade n\u00e3o apenas em suas vidas profissionais, mas tamb\u00e9m pessoais.<\/p>\n<p>Na Filik T\u00eaxtil, em linha com estes princ\u00edpios, almejamos maximizar o valor e o potencial de nossos funcion\u00e1rios. Seu desenvolvimento pessoal e profissional garante o sucesso geral de nossa empresa e a seguran\u00e7a de nosso futuro sustent\u00e1vel. Estamos comprometidos em fornecer todo o suporte e recursos necess\u00e1rios para o empoderamento e lideran\u00e7a de nossas funcion\u00e1rias no setor, pois suas contribui\u00e7\u00f5es s\u00e3o nossa maior for\u00e7a.[\/vc_column_text][\/vc_column][\/vc_row]<\/p>\n","protected":false},"excerpt":{"rendered":"<p>[vc_row css=&#8221;.vc_custom_1677777810627{margin-top: 50px !important;}&#8221;][vc_column width=&#8221;1\/2&#8243;][vc_single_image image=&#8221;16419&#8243; img_size=&#8221;full&#8221;][\/vc_column][vc_column width=&#8221;1\/2&#8243;][vc_column_text]Na Filik T\u00eaxtil, nossa filosofia profundamente enraizada na sustentabilidade e consci\u00eancia ambiental tamb\u00e9m molda nossa pol\u00edtica de recursos humanos. Nossos funcion\u00e1rios est\u00e3o no centro de nossa vis\u00e3o, e seu desenvolvimento profissional, sa\u00fade e seguran\u00e7a ocupacional, bem como seus direitos pessoais e profissionais, s\u00e3o uma parte integrante de nossa&hellip;<\/p>\n","protected":false},"author":1,"featured_media":0,"parent":16512,"menu_order":500,"comment_status":"closed","ping_status":"closed","template":"","meta":{"footnotes":""},"class_list":["post-16516","page","type-page","status-publish","hentry","description-off"],"_links":{"self":[{"href":"https:\/\/filiktekstil.com\/index.php?rest_route=\/wp\/v2\/pages\/16516","targetHints":{"allow":["GET"]}}],"collection":[{"href":"https:\/\/filiktekstil.com\/index.php?rest_route=\/wp\/v2\/pages"}],"about":[{"href":"https:\/\/filiktekstil.com\/index.php?rest_route=\/wp\/v2\/types\/page"}],"author":[{"embeddable":true,"href":"https:\/\/filiktekstil.com\/index.php?rest_route=\/wp\/v2\/users\/1"}],"replies":[{"embeddable":true,"href":"https:\/\/filiktekstil.com\/index.php?rest_route=%2Fwp%2Fv2%2Fcomments&post=16516"}],"version-history":[{"count":1,"href":"https:\/\/filiktekstil.com\/index.php?rest_route=\/wp\/v2\/pages\/16516\/revisions"}],"predecessor-version":[{"id":16517,"href":"https:\/\/filiktekstil.com\/index.php?rest_route=\/wp\/v2\/pages\/16516\/revisions\/16517"}],"up":[{"embeddable":true,"href":"https:\/\/filiktekstil.com\/index.php?rest_route=\/wp\/v2\/pages\/16512"}],"wp:attachment":[{"href":"https:\/\/filiktekstil.com\/index.php?rest_route=%2Fwp%2Fv2%2Fmedia&parent=16516"}],"curies":[{"name":"wp","href":"https:\/\/api.w.org\/{rel}","templated":true}]}}