{"id":16526,"date":"2024-04-27T00:19:56","date_gmt":"2024-04-26T21:19:56","guid":{"rendered":"http:\/\/filiktekstil.com\/?page_id=16526"},"modified":"2024-04-27T00:19:56","modified_gmt":"2024-04-26T21:19:56","slug":"politica-ambiental","status":"publish","type":"page","link":"https:\/\/filiktekstil.com\/?page_id=16526&lang=pt","title":{"rendered":"POL\u00cdTICA AMBIENTAL"},"content":{"rendered":"<p>[vc_row css=&#8221;.vc_custom_1677777810627{margin-top: 50px !important;}&#8221;][vc_column width=&#8221;1\/2&#8243;][vc_single_image image=&#8221;16168&#8243; img_size=&#8221;full&#8221;][\/vc_column][vc_column width=&#8221;1\/2&#8243;]<div id=\"ultimate-heading-997169e37240d7b45\" class=\"uvc-heading ult-adjust-bottom-margin ultimate-heading-997169e37240d7b45 uvc-2311  uvc-heading-default-font-sizes\" data-hspacer=\"no_spacer\"  data-halign=\"left\" style=\"text-align:left\"><div class=\"uvc-heading-spacer no_spacer\" style=\"top\"><\/div><div class=\"uvc-main-heading ult-responsive\"  data-ultimate-target='.uvc-heading.ultimate-heading-997169e37240d7b45 h2'  data-responsive-json-new='{\"font-size\":\"\",\"line-height\":\"\"}' ><h2 style=\"--font-weight:theme;\">Um Mundo Mais Verde...<\/h2><\/div><\/div>[vc_column_text]Na Filik T\u00eaxtil, com o objetivo de um ambiente sustent\u00e1vel e um mundo mais verde, moldamos nossa pol\u00edtica ambiental de acordo com os seguintes princ\u00edpios:<\/p>\n<p><strong>Uso de Energia Renov\u00e1vel:<\/strong> Confiamos na eletricidade gerada por Sistemas de Energia Solar (SES) para garantir o uso m\u00e1ximo de energia verde em nossas opera\u00e7\u00f5es e nos comprometemos a minimizar o uso de combust\u00edveis f\u00f3sseis como o g\u00e1s natural.<\/p>\n<p><strong>Gest\u00e3o de Res\u00edduos e Reciclagem:<\/strong> Tomamos medidas proativas para reduzir e gerenciar os res\u00edduos produzidos durante o processo de fabrica\u00e7\u00e3o, coletando esses res\u00edduos atrav\u00e9s de tecnologias modernas e reutilizando-os como mat\u00e9rias-primas em outras \u00e1reas da ind\u00fastria t\u00eaxtil.<\/p>\n<p><strong>Certifica\u00e7\u00f5es de Sustentabilidade:<\/strong> Garantimos a transpar\u00eancia e sustentabilidade de nossos padr\u00f5es de produ\u00e7\u00e3o e pr\u00e1ticas ambientais com certifica\u00e7\u00f5es reconhecidas internacionalmente, como o Padr\u00e3o Global de Reciclados.<\/p>\n<p><strong>Efici\u00eancia Energ\u00e9tica:<\/strong> Monitoramos o consumo de energia em nossos processos e instala\u00e7\u00f5es para gerenciar o uso de energia de forma eficiente e revisamos regularmente nossos objetivos de efici\u00eancia energ\u00e9tica.<\/p>\n<p><strong>Consci\u00eancia e Educa\u00e7\u00e3o Ambiental:<\/strong> Oferecemos treinamento sobre responsabilidades ambientais a todos os nossos funcion\u00e1rios, fornecedores e parceiros comerciais e cultivamos uma cultura corporativa que promove a consci\u00eancia ambiental.<\/p>\n<p><strong>Melhoria Cont\u00ednua:<\/strong> Comprometemo-nos a melhorar continuamente nosso desempenho ambiental, monitorando e avaliando-o regularmente, cumprindo assim nosso compromisso de aprimorar constantemente nosso sistema de gest\u00e3o ambiental e pr\u00e1ticas de sustentabilidade.<\/p>\n<p>Esses princ\u00edpios refletem nosso profundo compromisso com o meio ambiente e nossa responsabilidade de proteger nosso planeta como Filik T\u00eaxtil. Nossa pol\u00edtica ambiental \u00e9 uma parte integrante de nossa pr\u00e1tica empresarial, e cada passo que damos nessa dire\u00e7\u00e3o visa construir um futuro sustent\u00e1vel.[\/vc_column_text][\/vc_column][\/vc_row]<\/p>\n","protected":false},"excerpt":{"rendered":"<p>[vc_row css=&#8221;.vc_custom_1677777810627{margin-top: 50px !important;}&#8221;][vc_column width=&#8221;1\/2&#8243;][vc_single_image image=&#8221;16168&#8243; img_size=&#8221;full&#8221;][\/vc_column][vc_column width=&#8221;1\/2&#8243;][vc_column_text]Na Filik T\u00eaxtil, com o objetivo de um ambiente sustent\u00e1vel e um mundo mais verde, moldamos nossa pol\u00edtica ambiental de acordo com os seguintes princ\u00edpios: Uso de Energia Renov\u00e1vel: Confiamos na eletricidade gerada por Sistemas de Energia Solar (SES) para garantir o uso m\u00e1ximo de energia verde em&hellip;<\/p>\n","protected":false},"author":1,"featured_media":0,"parent":0,"menu_order":500,"comment_status":"closed","ping_status":"closed","template":"","meta":{"footnotes":""},"class_list":["post-16526","page","type-page","status-publish","hentry","description-off"],"_links":{"self":[{"href":"https:\/\/filiktekstil.com\/index.php?rest_route=\/wp\/v2\/pages\/16526","targetHints":{"allow":["GET"]}}],"collection":[{"href":"https:\/\/filiktekstil.com\/index.php?rest_route=\/wp\/v2\/pages"}],"about":[{"href":"https:\/\/filiktekstil.com\/index.php?rest_route=\/wp\/v2\/types\/page"}],"author":[{"embeddable":true,"href":"https:\/\/filiktekstil.com\/index.php?rest_route=\/wp\/v2\/users\/1"}],"replies":[{"embeddable":true,"href":"https:\/\/filiktekstil.com\/index.php?rest_route=%2Fwp%2Fv2%2Fcomments&post=16526"}],"version-history":[{"count":1,"href":"https:\/\/filiktekstil.com\/index.php?rest_route=\/wp\/v2\/pages\/16526\/revisions"}],"predecessor-version":[{"id":16527,"href":"https:\/\/filiktekstil.com\/index.php?rest_route=\/wp\/v2\/pages\/16526\/revisions\/16527"}],"wp:attachment":[{"href":"https:\/\/filiktekstil.com\/index.php?rest_route=%2Fwp%2Fv2%2Fmedia&parent=16526"}],"curies":[{"name":"wp","href":"https:\/\/api.w.org\/{rel}","templated":true}]}}