{"id":16564,"date":"2024-04-27T00:34:40","date_gmt":"2024-04-26T21:34:40","guid":{"rendered":"http:\/\/filiktekstil.com\/?page_id=16564"},"modified":"2024-05-02T12:36:02","modified_gmt":"2024-05-02T09:36:02","slug":"pagina-inicial","status":"publish","type":"page","link":"https:\/\/filiktekstil.com\/?page_id=16564&lang=pt","title":{"rendered":"Fibra Regenerada da Filik Textile para Moda"},"content":{"rendered":"<p>[vc_row][vc_column css=&#8221;.vc_custom_1680736042722{margin-top: 35px !important;margin-bottom: 12px !important;}&#8221;][vc_single_image image=&#8221;16147&#8243; img_size=&#8221;full&#8221; alignment=&#8221;center&#8221;][\/vc_column][\/vc_row][vc_row full_width=&#8221;stretch_row&#8221; css=&#8221;.vc_custom_1714151761198{background-color: #38b44a !important;background-position: 0 0 !important;background-repeat: no-repeat !important;}&#8221;][vc_column width=&#8221;1\/3&#8243;]<div class=\"stats-block stats-top  \"><div class=\"aio-icon-top\"><div class=\"ult-just-icon-wrapper  \"><div class=\"align-icon\" style=\"text-align:center;\"><\/div><\/div><\/div><div class=\"stats-desc\" id=\"counter-responsv-wrap-5538\"><div id=\"counter_414685651069e3769021fdc\" data-id=\"counter_414685651069e3769021fdc\"  data-ultimate-target='#counter-responsv-wrap-5538 .stats-number'  data-responsive-json-new='{\"font-size\":\"\",\"line-height\":\"\"}'  class=\"stats-number ult-responsive\" style=\"font-size:28px; color:#ffffff; color:#ffffff;\" data-speed=\"3\" data-counter-value=\"12000\" data-separator=\".\" data-decimal=\".\">0<\/div><div class=\"counter_suffix mycust ult-responsive\"  data-ultimate-target='#counter-responsv-wrap-5538 .mycust'  data-responsive-json-new='{\"font-size\":\"\",\"line-height\":\"\"}'  style=\"font-size:28px; color:#ffffff\">m2<\/div><div id=\"counter_414685651069e3769021fdc\"  data-ultimate-target='#counter-responsv-wrap-5538 .stats-text'  data-responsive-json-new='{\"font-size\":\"\",\"line-height\":\"\"}'  class=\"stats-text ult-responsive\" style=\"font-size:18px; color:#ffffff; font-family:&#039;Fira Sans&#039;;font-weight:500;\">\u00c1rea Operacional<\/div><\/div><\/div>[\/vc_column][vc_column width=&#8221;1\/3&#8243;]<div class=\"stats-block stats-top  \"><div class=\"aio-icon-top\"><div class=\"ult-just-icon-wrapper  \"><div class=\"align-icon\" style=\"text-align:center;\"><\/div><\/div><\/div><div class=\"stats-desc\" id=\"counter-responsv-wrap-7736\"><div id=\"counter_268358199869e37690220d5\" data-id=\"counter_268358199869e37690220d5\"  data-ultimate-target='#counter-responsv-wrap-7736 .stats-number'  data-responsive-json-new='{\"font-size\":\"\",\"line-height\":\"\"}'  class=\"stats-number ult-responsive\" style=\"font-size:28px; color:#ffffff; color:#ffffff;\" data-speed=\"3\" data-counter-value=\"900000\" data-separator=\".\" data-decimal=\".\">0<\/div><div class=\"counter_suffix mycust ult-responsive\"  data-ultimate-target='#counter-responsv-wrap-7736 .mycust'  data-responsive-json-new='{\"font-size\":\"\",\"line-height\":\"\"}'  style=\"font-size:28px; color:#ffffff\">Kg\/m\u00eas<\/div><div id=\"counter_268358199869e37690220d5\"  data-ultimate-target='#counter-responsv-wrap-7736 .stats-text'  data-responsive-json-new='{\"font-size\":\"\",\"line-height\":\"\"}'  class=\"stats-text ult-responsive\" style=\"font-size:18px; color:#ffffff; font-family:&#039;Fira Sans&#039;;font-weight:500;\">Produ\u00e7\u00e3o de Fibra<\/div><\/div><\/div>[\/vc_column][vc_column width=&#8221;1\/3&#8243;]<div class=\"stats-block stats-top  \"><div class=\"aio-icon-top\"><div class=\"ult-just-icon-wrapper  \"><div class=\"align-icon\" style=\"text-align:center;\"><\/div><\/div><\/div><div class=\"stats-desc\" id=\"counter-responsv-wrap-9486\"><div id=\"counter_297389460869e37690221aa\" data-id=\"counter_297389460869e37690221aa\"  data-ultimate-target='#counter-responsv-wrap-9486 .stats-number'  data-responsive-json-new='{\"font-size\":\"\",\"line-height\":\"\"}'  class=\"stats-number ult-responsive\" style=\"font-size:28px; color:#ffffff; color:#ffffff;\" data-speed=\"3\" data-counter-value=\"120000\" data-separator=\".\" data-decimal=\".\">0<\/div><div class=\"counter_suffix mycust ult-responsive\"  data-ultimate-target='#counter-responsv-wrap-9486 .mycust'  data-responsive-json-new='{\"font-size\":\"\",\"line-height\":\"\"}'  style=\"font-size:28px; color:#ffffff\">Kg\/m\u00eas<\/div><div id=\"counter_297389460869e37690221aa\"  data-ultimate-target='#counter-responsv-wrap-9486 .stats-text'  data-responsive-json-new='{\"font-size\":\"\",\"line-height\":\"\"}'  class=\"stats-text ult-responsive\" style=\"font-size:18px; color:#ffffff; font-family:&#039;Fira Sans&#039;;font-weight:500;\">Produ\u00e7\u00e3o de Bumps<\/div><\/div><\/div>[\/vc_column][\/vc_row][vc_row full_width=&#8221;stretch_row_content_no_spaces&#8221; css=&#8221;.vc_custom_1680735788947{margin-top: -35px !important;background-position: 0 0 !important;background-repeat: no-repeat !important;}&#8221;][vc_column width=&#8221;1\/2&#8243; css=&#8221;.vc_custom_1680740108640{padding-top: 75px !important;padding-left: 75px !important;}&#8221; offset=&#8221;vc_hidden-md vc_hidden-sm vc_hidden-xs&#8221;][vc_raw_html]JTNDaWZyYW1lJTIwd2lkdGglM0QlMjIxMDAlMjUlMjIlMjBoZWlnaHQlM0QlMjI0MjAlMjIlMjBzcmMlM0QlMjJodHRwcyUzQSUyRiUyRnd3dy55b3V0dWJlLmNvbSUyRmVtYmVkJTJGMm13ZFZib3hodUklM0ZzaSUzRE9Gd3ZfYldfRjEydDhCWEYlMjIlMjB0aXRsZSUzRCUyMllvdVR1YmUlMjB2aWRlbyUyMHBsYXllciUyMiUyMGZyYW1lYm9yZGVyJTNEJTIyMCUyMiUyMGFsbG93JTNEJTIyYWNjZWxlcm9tZXRlciUzQiUyMGF1dG9wbGF5JTNCJTIwY2xpcGJvYXJkLXdyaXRlJTNCJTIwZW5jcnlwdGVkLW1lZGlhJTNCJTIwZ3lyb3Njb3BlJTNCJTIwcGljdHVyZS1pbi1waWN0dXJlJTNCJTIwd2ViLXNoYXJlJTIyJTIwcmVmZXJyZXJwb2xpY3klM0QlMjJzdHJpY3Qtb3JpZ2luLXdoZW4tY3Jvc3Mtb3JpZ2luJTIyJTIwYWxsb3dmdWxsc2NyZWVuJTNFJTNDJTJGaWZyYW1lJTNF[\/vc_raw_html][\/vc_column][vc_column width=&#8221;1\/2&#8243; offset=&#8221;vc_hidden-md vc_hidden-sm vc_hidden-xs&#8221;][vc_column_text el_class=&#8221;yasla&#8221; css=&#8221;.vc_custom_1714165735153{padding-top: 25px !important;padding-right: 75px !important;padding-bottom: 75px !important;padding-left: 75px !important;}&#8221;]Filik T\u00eaxtil foi um sonho que brotou em 2008 atrav\u00e9s da vis\u00e3o de Mevl\u00fct Filik. Esta vis\u00e3o n\u00e3o era apenas sobre estabelecer uma empresa; tamb\u00e9m abrangia construir as funda\u00e7\u00f5es de um futuro sustent\u00e1vel em harmonia com a natureza. Em cada fibra e cada bump, tecemos n\u00e3o apenas qualidade, mas tamb\u00e9m uma consci\u00eancia de preservar a natureza.<\/p>\n<p>Sob a lideran\u00e7a de Mevl\u00fct Filik, com os ventos de institucionaliza\u00e7\u00e3o e crescimento em 2019, fortalecemos nosso objetivo de contribuir n\u00e3o apenas para nossa ind\u00fastria, mas tamb\u00e9m para um mundo mais verde. Com nossa segunda f\u00e1brica aberta em 2021, levamos a sustentabilidade ao nosso n\u00facleo e aumentamos ainda mais nossa produ\u00e7\u00e3o de fibras recicladas.<\/p>\n<p>Nossa primeira f\u00e1brica ocupa 3.758 m\u00b2 de espa\u00e7o fechado. Aqui, utilizando fibras sint\u00e9ticas e naturais como acr\u00edlico reciclado, poli\u00e9ster, algod\u00e3o e l\u00e3, aproveitamos ao m\u00e1ximo os valores que a natureza oferece. Nossa segunda f\u00e1brica hospeda 12.000 m\u00b2 de espa\u00e7os abertos e fechados, enfatizando a import\u00e2ncia da sustentabilidade com a produ\u00e7\u00e3o de bumps de fibras recicladas.<\/p>\n<p>Ao lado de Mevl\u00fct Filik na gest\u00e3o, com Murat Filik e Berkay Filik, continuamos a liderar o caminho no mundo t\u00eaxtil com uma abordagem que est\u00e1 em harmonia com a natureza. Seja no mercado interno ou internacional, de fios a su\u00e9teres, de cobertores a meias, voc\u00ea pode ver os tra\u00e7os de sustentabilidade e preserva\u00e7\u00e3o da natureza na fibra de Filik.<\/p>\n<p>Com mais de 100 valiosos funcion\u00e1rios, nossa capacidade de produ\u00e7\u00e3o de 900.000 KG de fibra e 120.000 KG de bumps por m\u00eas desempenha um papel ativo n\u00e3o apenas na ind\u00fastria t\u00eaxtil, mas tamb\u00e9m na constru\u00e7\u00e3o de um mundo mais verde e sustent\u00e1vel. Filik T\u00eaxtil, pulsando ao ritmo da natureza, constr\u00f3i um futuro sustent\u00e1vel para a natureza e a humanidade, al\u00e9m de ser apenas uma empresa.[\/vc_column_text][\/vc_column][\/vc_row][vc_row css=&#8221;.vc_custom_1680740230031{background-position: 0 0 !important;background-repeat: no-repeat !important;}&#8221;][vc_column width=&#8221;1\/2&#8243; offset=&#8221;vc_hidden-lg&#8221; css=&#8221;.vc_custom_1680740281810{margin-top: 35px !important;}&#8221;][vc_raw_html]JTNDaWZyYW1lJTIwd2lkdGglM0QlMjIxMDAlMjUlMjIlMjBoZWlnaHQlM0QlMjI0MjAlMjIlMjBzcmMlM0QlMjJodHRwcyUzQSUyRiUyRnd3dy55b3V0dWJlLmNvbSUyRmVtYmVkJTJGMm13ZFZib3hodUklM0ZzaSUzRE9Gd3ZfYldfRjEydDhCWEYlMjIlMjB0aXRsZSUzRCUyMllvdVR1YmUlMjB2aWRlbyUyMHBsYXllciUyMiUyMGZyYW1lYm9yZGVyJTNEJTIyMCUyMiUyMGFsbG93JTNEJTIyYWNjZWxlcm9tZXRlciUzQiUyMGF1dG9wbGF5JTNCJTIwY2xpcGJvYXJkLXdyaXRlJTNCJTIwZW5jcnlwdGVkLW1lZGlhJTNCJTIwZ3lyb3Njb3BlJTNCJTIwcGljdHVyZS1pbi1waWN0dXJlJTNCJTIwd2ViLXNoYXJlJTIyJTIwcmVmZXJyZXJwb2xpY3klM0QlMjJzdHJpY3Qtb3JpZ2luLXdoZW4tY3Jvc3Mtb3JpZ2luJTIyJTIwYWxsb3dmdWxsc2NyZWVuJTNFJTNDJTJGaWZyYW1lJTNF[\/vc_raw_html][\/vc_column][vc_column width=&#8221;1\/2&#8243; offset=&#8221;vc_hidden-lg&#8221; css=&#8221;.vc_custom_1680740266473{margin-top: -35px !important;}&#8221;][vc_column_text el_class=&#8221;yasla&#8221; css=&#8221;.vc_custom_1714165739490{padding-top: 25px !important;padding-right: 25px !important;padding-bottom: 25px !important;padding-left: 25px !important;}&#8221;]Filik T\u00eaxtil foi um sonho que brotou em 2008 atrav\u00e9s da vis\u00e3o de Mevl\u00fct Filik. Esta vis\u00e3o n\u00e3o era apenas sobre estabelecer uma empresa; tamb\u00e9m abrangia construir as funda\u00e7\u00f5es de um futuro sustent\u00e1vel em harmonia com a natureza. Em cada fibra e cada bump, tecemos n\u00e3o apenas qualidade, mas tamb\u00e9m uma consci\u00eancia de preservar a natureza.<\/p>\n<p>Sob a lideran\u00e7a de Mevl\u00fct Filik, com os ventos de institucionaliza\u00e7\u00e3o e crescimento em 2019, fortalecemos nosso objetivo de contribuir n\u00e3o apenas para nossa ind\u00fastria, mas tamb\u00e9m para um mundo mais verde. Com nossa segunda f\u00e1brica aberta em 2021, levamos a sustentabilidade ao nosso n\u00facleo e aumentamos ainda mais nossa produ\u00e7\u00e3o de fibras recicladas.<\/p>\n<p>Nossa primeira f\u00e1brica ocupa 3.758 m\u00b2 de espa\u00e7o fechado. Aqui, utilizando fibras sint\u00e9ticas e naturais como acr\u00edlico reciclado, poli\u00e9ster, algod\u00e3o e l\u00e3, aproveitamos ao m\u00e1ximo os valores que a natureza oferece. Nossa segunda f\u00e1brica hospeda 12.000 m\u00b2 de espa\u00e7os abertos e fechados, enfatizando a import\u00e2ncia da sustentabilidade com a produ\u00e7\u00e3o de bumps de fibras recicladas.<\/p>\n<p>Ao lado de Mevl\u00fct Filik na gest\u00e3o, com Murat Filik e Berkay Filik, continuamos a liderar o caminho no mundo t\u00eaxtil com uma abordagem que est\u00e1 em harmonia com a natureza. Seja no mercado interno ou internacional, de fios a su\u00e9teres, de cobertores a meias, voc\u00ea pode ver os tra\u00e7os de sustentabilidade e preserva\u00e7\u00e3o da natureza na fibra de Filik.<\/p>\n<p>Com mais de 100 valiosos funcion\u00e1rios, nossa capacidade de produ\u00e7\u00e3o de 900.000 KG de fibra e 120.000 KG de bumps por m\u00eas desempenha um papel ativo n\u00e3o apenas na ind\u00fastria t\u00eaxtil, mas tamb\u00e9m na constru\u00e7\u00e3o de um mundo mais verde e sustent\u00e1vel. Filik T\u00eaxtil, pulsando ao ritmo da natureza, constr\u00f3i um futuro sustent\u00e1vel para a natureza e a humanidade, al\u00e9m de ser apenas uma empresa.[\/vc_column_text][\/vc_column][\/vc_row]<\/p>\n","protected":false},"excerpt":{"rendered":"<p>[vc_row][vc_column css=&#8221;.vc_custom_1680736042722{margin-top: 35px !important;margin-bottom: 12px !important;}&#8221;][vc_single_image image=&#8221;16147&#8243; img_size=&#8221;full&#8221; alignment=&#8221;center&#8221;][\/vc_column][\/vc_row][vc_row full_width=&#8221;stretch_row&#8221; css=&#8221;.vc_custom_1714151761198{background-color: #38b44a !important;background-position: 0 0 !important;background-repeat: no-repeat !important;}&#8221;][vc_column width=&#8221;1\/3&#8243;][\/vc_column][vc_column width=&#8221;1\/3&#8243;][\/vc_column][vc_column width=&#8221;1\/3&#8243;][\/vc_column][\/vc_row][vc_row full_width=&#8221;stretch_row_content_no_spaces&#8221; css=&#8221;.vc_custom_1680735788947{margin-top: -35px !important;background-position: 0 0 !important;background-repeat: no-repeat !important;}&#8221;][vc_column width=&#8221;1\/2&#8243; css=&#8221;.vc_custom_1680740108640{padding-top: 75px !important;padding-left: 75px !important;}&#8221; offset=&#8221;vc_hidden-md vc_hidden-sm vc_hidden-xs&#8221;][vc_raw_html]JTNDaWZyYW1lJTIwd2lkdGglM0QlMjIxMDAlMjUlMjIlMjBoZWlnaHQlM0QlMjI0MjAlMjIlMjBzcmMlM0QlMjJodHRwcyUzQSUyRiUyRnd3dy55b3V0dWJlLmNvbSUyRmVtYmVkJTJGMm13ZFZib3hodUklM0ZzaSUzRE9Gd3ZfYldfRjEydDhCWEYlMjIlMjB0aXRsZSUzRCUyMllvdVR1YmUlMjB2aWRlbyUyMHBsYXllciUyMiUyMGZyYW1lYm9yZGVyJTNEJTIyMCUyMiUyMGFsbG93JTNEJTIyYWNjZWxlcm9tZXRlciUzQiUyMGF1dG9wbGF5JTNCJTIwY2xpcGJvYXJkLXdyaXRlJTNCJTIwZW5jcnlwdGVkLW1lZGlhJTNCJTIwZ3lyb3Njb3BlJTNCJTIwcGljdHVyZS1pbi1waWN0dXJlJTNCJTIwd2ViLXNoYXJlJTIyJTIwcmVmZXJyZXJwb2xpY3klM0QlMjJzdHJpY3Qtb3JpZ2luLXdoZW4tY3Jvc3Mtb3JpZ2luJTIyJTIwYWxsb3dmdWxsc2NyZWVuJTNFJTNDJTJGaWZyYW1lJTNF[\/vc_raw_html][\/vc_column][vc_column width=&#8221;1\/2&#8243; offset=&#8221;vc_hidden-md vc_hidden-sm vc_hidden-xs&#8221;][vc_column_text el_class=&#8221;yasla&#8221; css=&#8221;.vc_custom_1714165735153{padding-top: 25px !important;padding-right: 75px !important;padding-bottom: 75px !important;padding-left: 75px !important;}&#8221;]Filik T\u00eaxtil foi&hellip;<\/p>\n","protected":false},"author":1,"featured_media":0,"parent":0,"menu_order":0,"comment_status":"closed","ping_status":"closed","template":"","meta":{"footnotes":""},"class_list":["post-16564","page","type-page","status-publish","hentry","description-off"],"_links":{"self":[{"href":"https:\/\/filiktekstil.com\/index.php?rest_route=\/wp\/v2\/pages\/16564","targetHints":{"allow":["GET"]}}],"collection":[{"href":"https:\/\/filiktekstil.com\/index.php?rest_route=\/wp\/v2\/pages"}],"about":[{"href":"https:\/\/filiktekstil.com\/index.php?rest_route=\/wp\/v2\/types\/page"}],"author":[{"embeddable":true,"href":"https:\/\/filiktekstil.com\/index.php?rest_route=\/wp\/v2\/users\/1"}],"replies":[{"embeddable":true,"href":"https:\/\/filiktekstil.com\/index.php?rest_route=%2Fwp%2Fv2%2Fcomments&post=16564"}],"version-history":[{"count":4,"href":"https:\/\/filiktekstil.com\/index.php?rest_route=\/wp\/v2\/pages\/16564\/revisions"}],"predecessor-version":[{"id":16679,"href":"https:\/\/filiktekstil.com\/index.php?rest_route=\/wp\/v2\/pages\/16564\/revisions\/16679"}],"wp:attachment":[{"href":"https:\/\/filiktekstil.com\/index.php?rest_route=%2Fwp%2Fv2%2Fmedia&parent=16564"}],"curies":[{"name":"wp","href":"https:\/\/api.w.org\/{rel}","templated":true}]}}