{"id":16585,"date":"2024-04-27T00:53:19","date_gmt":"2024-04-26T21:53:19","guid":{"rendered":"http:\/\/filiktekstil.com\/?page_id=16585"},"modified":"2024-04-27T00:53:19","modified_gmt":"2024-04-26T21:53:19","slug":"politica-ambiental-2","status":"publish","type":"page","link":"https:\/\/filiktekstil.com\/?page_id=16585&lang=es","title":{"rendered":"POL\u00cdTICA AMBIENTAL"},"content":{"rendered":"<p>[vc_row css=&#8221;.vc_custom_1677777810627{margin-top: 50px !important;}&#8221;][vc_column width=&#8221;1\/2&#8243;][vc_single_image image=&#8221;16168&#8243; img_size=&#8221;full&#8221;][\/vc_column][vc_column width=&#8221;1\/2&#8243;]<div id=\"ultimate-heading-150069e359b6069da\" class=\"uvc-heading ult-adjust-bottom-margin ultimate-heading-150069e359b6069da uvc-3190  uvc-heading-default-font-sizes\" data-hspacer=\"no_spacer\"  data-halign=\"left\" style=\"text-align:left\"><div class=\"uvc-heading-spacer no_spacer\" style=\"top\"><\/div><div class=\"uvc-main-heading ult-responsive\"  data-ultimate-target='.uvc-heading.ultimate-heading-150069e359b6069da h2'  data-responsive-json-new='{\"font-size\":\"\",\"line-height\":\"\"}' ><h2 style=\"--font-weight:theme;\">Un Mundo M\u00e1s Verde...<\/h2><\/div><\/div>[vc_column_text]En Filik Textil, con el objetivo de un ambiente sostenible y un mundo m\u00e1s verde, configuramos nuestra pol\u00edtica ambiental de acuerdo con los siguientes principios:<\/p>\n<p><strong>Uso de Energ\u00eda Renovable:<\/strong> Confiamos en la electricidad generada a trav\u00e9s de Sistemas de Energ\u00eda Solar (SES) para garantizar el m\u00e1ximo uso de energ\u00eda verde en nuestras operaciones y nos comprometemos a minimizar el uso de combustibles f\u00f3siles como el gas natural.<\/p>\n<p><strong>Gesti\u00f3n de Residuos y Reciclaje:<\/strong> Tomamos medidas proactivas para reducir y gestionar los residuos producidos durante el proceso de fabricaci\u00f3n, recolectando estos residuos mediante tecnolog\u00edas modernas y reutiliz\u00e1ndolos como materias primas en otras \u00e1reas de la industria textil.<\/p>\n<p><strong>Certificaciones de Sostenibilidad:<\/strong> Garantizamos la transparencia y sostenibilidad de nuestros est\u00e1ndares de producci\u00f3n y pr\u00e1cticas ambientales con certificaciones reconocidas internacionalmente como el Est\u00e1ndar Global de Reciclaje.<\/p>\n<p><strong>Eficiencia Energ\u00e9tica:<\/strong> Monitoreamos el consumo de energ\u00eda en nuestros procesos e instalaciones para gestionar el uso de energ\u00eda de manera eficiente y revisamos regularmente nuestros objetivos de eficiencia energ\u00e9tica.<\/p>\n<p><strong>Conciencia y Educaci\u00f3n Ambiental:<\/strong> Proporcionamos capacitaci\u00f3n sobre responsabilidades ambientales a todos nuestros empleados, proveedores y socios comerciales y cultivamos una cultura corporativa que promueve la conciencia ambiental.<\/p>\n<p><strong>Mejora Continua:<\/strong> Nos comprometemos a mejorar continuamente nuestro desempe\u00f1o ambiental monitore\u00e1ndolo y evalu\u00e1ndolo regularmente, cumpliendo as\u00ed nuestro compromiso de mejorar constantemente nuestro sistema de gesti\u00f3n ambiental y nuestras pr\u00e1cticas de sostenibilidad.<\/p>\n<p>Estos principios reflejan nuestro profundo compromiso con el medio ambiente y nuestra responsabilidad de proteger nuestro planeta como Filik Textil. Nuestra pol\u00edtica ambiental es una parte integral de nuestra pr\u00e1ctica empresarial, y cada paso que damos en esta direcci\u00f3n tiene como objetivo construir un futuro sostenible.[\/vc_column_text][\/vc_column][\/vc_row]<\/p>\n","protected":false},"excerpt":{"rendered":"<p>[vc_row css=&#8221;.vc_custom_1677777810627{margin-top: 50px !important;}&#8221;][vc_column width=&#8221;1\/2&#8243;][vc_single_image image=&#8221;16168&#8243; img_size=&#8221;full&#8221;][\/vc_column][vc_column width=&#8221;1\/2&#8243;][vc_column_text]En Filik Textil, con el objetivo de un ambiente sostenible y un mundo m\u00e1s verde, configuramos nuestra pol\u00edtica ambiental de acuerdo con los siguientes principios: Uso de Energ\u00eda Renovable: Confiamos en la electricidad generada a trav\u00e9s de Sistemas de Energ\u00eda Solar (SES) para garantizar el m\u00e1ximo uso de&hellip;<\/p>\n","protected":false},"author":1,"featured_media":0,"parent":0,"menu_order":500,"comment_status":"closed","ping_status":"closed","template":"","meta":{"footnotes":""},"class_list":["post-16585","page","type-page","status-publish","hentry","description-off"],"_links":{"self":[{"href":"https:\/\/filiktekstil.com\/index.php?rest_route=\/wp\/v2\/pages\/16585","targetHints":{"allow":["GET"]}}],"collection":[{"href":"https:\/\/filiktekstil.com\/index.php?rest_route=\/wp\/v2\/pages"}],"about":[{"href":"https:\/\/filiktekstil.com\/index.php?rest_route=\/wp\/v2\/types\/page"}],"author":[{"embeddable":true,"href":"https:\/\/filiktekstil.com\/index.php?rest_route=\/wp\/v2\/users\/1"}],"replies":[{"embeddable":true,"href":"https:\/\/filiktekstil.com\/index.php?rest_route=%2Fwp%2Fv2%2Fcomments&post=16585"}],"version-history":[{"count":1,"href":"https:\/\/filiktekstil.com\/index.php?rest_route=\/wp\/v2\/pages\/16585\/revisions"}],"predecessor-version":[{"id":16586,"href":"https:\/\/filiktekstil.com\/index.php?rest_route=\/wp\/v2\/pages\/16585\/revisions\/16586"}],"wp:attachment":[{"href":"https:\/\/filiktekstil.com\/index.php?rest_route=%2Fwp%2Fv2%2Fmedia&parent=16585"}],"curies":[{"name":"wp","href":"https:\/\/api.w.org\/{rel}","templated":true}]}}