{"id":16587,"date":"2024-04-27T00:54:34","date_gmt":"2024-04-26T21:54:34","guid":{"rendered":"http:\/\/filiktekstil.com\/?page_id=16587"},"modified":"2024-05-01T15:03:21","modified_gmt":"2024-05-01T12:03:21","slug":"sobre-nosotros","status":"publish","type":"page","link":"https:\/\/filiktekstil.com\/?page_id=16587&lang=es","title":{"rendered":"SOBRE NOSOTROS"},"content":{"rendered":"<p>[vc_row css=&#8221;.vc_custom_1677777810627{margin-top: 50px !important;}&#8221;][vc_column width=&#8221;1\/2&#8243;][vc_single_image image=&#8221;16662&#8243; img_size=&#8221;full&#8221;][\/vc_column][vc_column width=&#8221;1\/2&#8243;][vc_column_text el_class=&#8221;yasla&#8221;]Filik Textil fue un sue\u00f1o que brot\u00f3 en 2008 a trav\u00e9s de la visi\u00f3n de Mevl\u00fct Filik. Esta visi\u00f3n no se limitaba simplemente a establecer una empresa; tambi\u00e9n inclu\u00eda construir las bases de un futuro sostenible en armon\u00eda con la naturaleza. En cada fibra y cada bulto, tejemos no solo calidad sino tambi\u00e9n una conciencia de preservar la naturaleza.<\/p>\n<p>Bajo el liderazgo de Mevl\u00fct Filik, con los vientos de institucionalizaci\u00f3n y crecimiento en 2019, fortalecimos nuestro objetivo de contribuir no solo a nuestra industria sino tambi\u00e9n a un mundo m\u00e1s verde. Con nuestra segunda f\u00e1brica abierta en 2021, llevamos la sostenibilidad a nuestro n\u00facleo y aumentamos a\u00fan m\u00e1s nuestra producci\u00f3n de fibras recicladas.<\/p>\n<p>Nuestra primera f\u00e1brica ocupa 3,758 m\u00b2 de espacio cerrado. Aqu\u00ed, utilizando fibras sint\u00e9ticas y naturales como acr\u00edlico reciclado, poli\u00e9ster, algod\u00f3n y lana, aprovechamos al m\u00e1ximo los valores que la naturaleza ofrece. Nuestra segunda f\u00e1brica alberga 12,000 m\u00b2 de espacios abiertos y cerrados, enfatizando la importancia de la sostenibilidad con la producci\u00f3n de bultos de fibras recicladas.<\/p>\n<p>Junto a Mevl\u00fct Filik en la gesti\u00f3n, con Murat Filik y Berkay Filik, continuamos liderando el camino en el mundo textil con un enfoque que est\u00e1 en armon\u00eda con la naturaleza. Ya sea a nivel nacional o internacional, desde hilos hasta su\u00e9teres, desde mantas hasta calcetines, puedes ver los rastros de sostenibilidad y preservaci\u00f3n de la naturaleza en la fibra de Filik.<\/p>\n<p>Con m\u00e1s de 100 valiosos empleados, nuestra capacidad de producci\u00f3n de 900,000 KG de fibra y 120,000 KG de bultos por mes juega un papel activo no solo en la industria textil, sino tambi\u00e9n en la construcci\u00f3n de un mundo m\u00e1s verde y sostenible. Filik Textil, latiendo al ritmo de la naturaleza, construye un futuro sostenible para la naturaleza y la humanidad, m\u00e1s all\u00e1 de ser simplemente una empresa.[\/vc_column_text][\/vc_column][\/vc_row][vc_row][vc_column]<div id=\"ultimate-video-533669e3590ae56f7\" class=\"ult-video  ult-adjust-bottom-margin ultimate-video-533669e3590ae56f7 ultv-28 \"><div class=\"ultv-video ultv-aspect-ratio-16_9 ultv-subscribe-responsive-none\" data-videotype=\"uv_iframe\">\n\t\t\t\t\t\t<div class=\"ultv-video__outer-wrap\" data-autoplay=\"0\" data-device=\"false\"  data-iconbg=\"#3A3A3A\" data-overcolor=\"\" data-defaultbg=\"#1f1f1e\" data-defaultplay=\"defaulticon\"><div class=\"ultv-video__play\" data-src=\"https:\/\/www.youtube.com\/embed\/2mwdVboxhuI?rel=0&amp;start&amp;end&amp;controls=1&amp;mute=0&amp;modestbranding=0&amp;autoplay=1\">\n\t\t\t\t\t\t\t\t<img decoding=\"async\" class=\"ultv-video__thumb\" src=\"https:\/\/i.ytimg.com\/vi\/2mwdVboxhuI\/maxresdefault.jpg\"\/>\n\t\t\t\t\t\t\t\t<div class=\"ultv-video__play-icon  ultv-animation-none\" style=\"width:75px\"><svg height=\"100%\" version=\"1.1\" viewBox=\"0 0 68 48\" width=\"100%\"><path class=\"ultv-youtube-icon-bg\" d=\"m .66,37.62 c 0,0 .66,4.70 2.70,6.77 2.58,2.71 5.98,2.63 7.49,2.91 5.43,.52 23.10,.68 23.12,.68 .00,-1.3e-5 14.29,-0.02 23.81,-0.71 1.32,-0.15 4.22,-0.17 6.81,-2.89 2.03,-2.07 2.70,-6.77 2.70,-6.77 0,0 .67,-5.52 .67,-11.04 l 0,-5.17 c 0,-5.52 -0.67,-11.04 -0.67,-11.04 0,0 -0.66,-4.70 -2.70,-6.77 C 62.03,.86 59.13,.84 57.80,.69 48.28,0 34.00,0 34.00,0 33.97,0 19.69,0 10.18,.69 8.85,.84 5.95,.86 3.36,3.58 1.32,5.65 .66,10.35 .66,10.35 c 0,0 -0.55,4.50 -0.66,9.45 l 0,8.36 c .10,4.94 .66,9.45 .66,9.45 z\" fill=\"#1f1f1e\" ><\/path><path d=\"m 26.96,13.67 18.37,9.62 -18.37,9.55 -0.00,-19.17 z\" fill=\"#fff\"><\/path><path d=\"M 45.02,23.46 45.32,23.28 26.96,13.67 43.32,22.34 45.02,23.46 z\" fill=\"#ccc\"><\/path><\/svg><\/div> <\/div> <\/div><\/div><\/div>[\/vc_column][\/vc_row]<\/p>\n","protected":false},"excerpt":{"rendered":"<p>[vc_row css=&#8221;.vc_custom_1677777810627{margin-top: 50px !important;}&#8221;][vc_column width=&#8221;1\/2&#8243;][vc_single_image image=&#8221;16662&#8243; img_size=&#8221;full&#8221;][\/vc_column][vc_column width=&#8221;1\/2&#8243;][vc_column_text el_class=&#8221;yasla&#8221;]Filik Textil fue un sue\u00f1o que brot\u00f3 en 2008 a trav\u00e9s de la visi\u00f3n de Mevl\u00fct Filik. Esta visi\u00f3n no se limitaba simplemente a establecer una empresa; tambi\u00e9n inclu\u00eda construir las bases de un futuro sostenible en armon\u00eda con la naturaleza. En cada fibra y cada bulto,&hellip;<\/p>\n","protected":false},"author":1,"featured_media":0,"parent":0,"menu_order":500,"comment_status":"closed","ping_status":"closed","template":"","meta":{"footnotes":""},"class_list":["post-16587","page","type-page","status-publish","hentry","description-off"],"_links":{"self":[{"href":"https:\/\/filiktekstil.com\/index.php?rest_route=\/wp\/v2\/pages\/16587","targetHints":{"allow":["GET"]}}],"collection":[{"href":"https:\/\/filiktekstil.com\/index.php?rest_route=\/wp\/v2\/pages"}],"about":[{"href":"https:\/\/filiktekstil.com\/index.php?rest_route=\/wp\/v2\/types\/page"}],"author":[{"embeddable":true,"href":"https:\/\/filiktekstil.com\/index.php?rest_route=\/wp\/v2\/users\/1"}],"replies":[{"embeddable":true,"href":"https:\/\/filiktekstil.com\/index.php?rest_route=%2Fwp%2Fv2%2Fcomments&post=16587"}],"version-history":[{"count":2,"href":"https:\/\/filiktekstil.com\/index.php?rest_route=\/wp\/v2\/pages\/16587\/revisions"}],"predecessor-version":[{"id":16666,"href":"https:\/\/filiktekstil.com\/index.php?rest_route=\/wp\/v2\/pages\/16587\/revisions\/16666"}],"wp:attachment":[{"href":"https:\/\/filiktekstil.com\/index.php?rest_route=%2Fwp%2Fv2%2Fmedia&parent=16587"}],"curies":[{"name":"wp","href":"https:\/\/api.w.org\/{rel}","templated":true}]}}