{"id":16589,"date":"2024-04-27T00:55:54","date_gmt":"2024-04-26T21:55:54","guid":{"rendered":"http:\/\/filiktekstil.com\/?page_id=16589"},"modified":"2024-04-30T13:42:11","modified_gmt":"2024-04-30T10:42:11","slug":"nuestra-filosofia","status":"publish","type":"page","link":"https:\/\/filiktekstil.com\/?page_id=16589&lang=es","title":{"rendered":"NUESTRA FILOSOF\u00cdA"},"content":{"rendered":"<p>[vc_row css=&#8221;.vc_custom_1677777810627{margin-top: 50px !important;}&#8221;][vc_column width=&#8221;1\/2&#8243;][vc_single_image image=&#8221;16662&#8243; img_size=&#8221;full&#8221;][\/vc_column][vc_column width=&#8221;1\/2&#8243;][vc_column_text]Filik Textil trasciende la noci\u00f3n de ser simplemente una organizaci\u00f3n orientada al beneficio; encarna una visi\u00f3n de un futuro sostenible en armon\u00eda con la naturaleza. Fundada sobre los principios establecidos por Mevl\u00fct Filik, la filosof\u00eda de la compa\u00f1\u00eda abarca un amplio espectro desde los procesos de producci\u00f3n hasta las pr\u00e1cticas empresariales, tejiendo una conciencia de preservaci\u00f3n de la naturaleza en cada fibra y bulto, y comprometi\u00e9ndose con la responsabilidad ambiental. Esto no es solo una manera de hacer negocios, sino un reflejo de nuestra relaci\u00f3n con el mundo, la gesti\u00f3n de recursos y el manejo sostenible de actividades industriales.<\/p>\n<p>La filosof\u00eda de Filik Textil se centra en las personas y la naturaleza, trabajando con materiales reciclados en ambas f\u00e1bricas y incorporando principios de sostenibilidad en el n\u00facleo de su modelo de negocio. La compa\u00f1\u00eda no solo se enfoca en la calidad de sus productos, sino que tambi\u00e9n se compromete a minimizar el impacto ambiental en cada etapa de la producci\u00f3n y asegurar la conservaci\u00f3n de los recursos naturales. Esta es una obligaci\u00f3n que Filik Textil tiene no solo con sus clientes actuales, sino tambi\u00e9n con las futuras generaciones.<\/p>\n<p>Como resultado, Filik Textil se posiciona m\u00e1s all\u00e1 de un fabricante textil; es un defensor de la construcci\u00f3n de un futuro sostenible. Bajo el liderazgo de Mevl\u00fct Filik y su equipo, la compa\u00f1\u00eda env\u00eda un mensaje fuerte de que un mundo donde el equilibrio ecol\u00f3gico y el \u00e9xito econ\u00f3mico puedan coexistir es posible. Esto no es solo una estrategia de negocio, sino tambi\u00e9n un modo de vida y una forma de existencia.[\/vc_column_text][\/vc_column][\/vc_row][vc_row][vc_column]<div id=\"ultimate-video-404469e359ec1cfc5\" class=\"ult-video  ult-adjust-bottom-margin ultimate-video-404469e359ec1cfc5 ultv-8997 \"><div class=\"ultv-video ultv-aspect-ratio-16_9 ultv-subscribe-responsive-none\" data-videotype=\"uv_iframe\">\n\t\t\t\t\t\t<div class=\"ultv-video__outer-wrap\" data-autoplay=\"0\" data-device=\"false\"  data-iconbg=\"#3A3A3A\" data-overcolor=\"\" data-defaultbg=\"#1f1f1e\" data-defaultplay=\"defaulticon\"><div class=\"ultv-video__play\" data-src=\"https:\/\/www.youtube.com\/embed\/2mwdVboxhuI?rel=0&amp;start&amp;end&amp;controls=1&amp;mute=0&amp;modestbranding=0&amp;autoplay=1\">\n\t\t\t\t\t\t\t\t<img decoding=\"async\" class=\"ultv-video__thumb\" src=\"https:\/\/i.ytimg.com\/vi\/2mwdVboxhuI\/maxresdefault.jpg\"\/>\n\t\t\t\t\t\t\t\t<div class=\"ultv-video__play-icon  ultv-animation-none\" style=\"width:75px\"><svg height=\"100%\" version=\"1.1\" viewBox=\"0 0 68 48\" width=\"100%\"><path class=\"ultv-youtube-icon-bg\" d=\"m .66,37.62 c 0,0 .66,4.70 2.70,6.77 2.58,2.71 5.98,2.63 7.49,2.91 5.43,.52 23.10,.68 23.12,.68 .00,-1.3e-5 14.29,-0.02 23.81,-0.71 1.32,-0.15 4.22,-0.17 6.81,-2.89 2.03,-2.07 2.70,-6.77 2.70,-6.77 0,0 .67,-5.52 .67,-11.04 l 0,-5.17 c 0,-5.52 -0.67,-11.04 -0.67,-11.04 0,0 -0.66,-4.70 -2.70,-6.77 C 62.03,.86 59.13,.84 57.80,.69 48.28,0 34.00,0 34.00,0 33.97,0 19.69,0 10.18,.69 8.85,.84 5.95,.86 3.36,3.58 1.32,5.65 .66,10.35 .66,10.35 c 0,0 -0.55,4.50 -0.66,9.45 l 0,8.36 c .10,4.94 .66,9.45 .66,9.45 z\" fill=\"#1f1f1e\" ><\/path><path d=\"m 26.96,13.67 18.37,9.62 -18.37,9.55 -0.00,-19.17 z\" fill=\"#fff\"><\/path><path d=\"M 45.02,23.46 45.32,23.28 26.96,13.67 43.32,22.34 45.02,23.46 z\" fill=\"#ccc\"><\/path><\/svg><\/div> <\/div> <\/div><\/div><\/div>[\/vc_column][\/vc_row]<\/p>\n","protected":false},"excerpt":{"rendered":"<p>[vc_row css=&#8221;.vc_custom_1677777810627{margin-top: 50px !important;}&#8221;][vc_column width=&#8221;1\/2&#8243;][vc_single_image image=&#8221;16662&#8243; img_size=&#8221;full&#8221;][\/vc_column][vc_column width=&#8221;1\/2&#8243;][vc_column_text]Filik Textil trasciende la noci\u00f3n de ser simplemente una organizaci\u00f3n orientada al beneficio; encarna una visi\u00f3n de un futuro sostenible en armon\u00eda con la naturaleza. Fundada sobre los principios establecidos por Mevl\u00fct Filik, la filosof\u00eda de la compa\u00f1\u00eda abarca un amplio espectro desde los procesos de producci\u00f3n hasta&hellip;<\/p>\n","protected":false},"author":1,"featured_media":0,"parent":16587,"menu_order":500,"comment_status":"closed","ping_status":"closed","template":"","meta":{"footnotes":""},"class_list":["post-16589","page","type-page","status-publish","hentry","description-off"],"_links":{"self":[{"href":"https:\/\/filiktekstil.com\/index.php?rest_route=\/wp\/v2\/pages\/16589","targetHints":{"allow":["GET"]}}],"collection":[{"href":"https:\/\/filiktekstil.com\/index.php?rest_route=\/wp\/v2\/pages"}],"about":[{"href":"https:\/\/filiktekstil.com\/index.php?rest_route=\/wp\/v2\/types\/page"}],"author":[{"embeddable":true,"href":"https:\/\/filiktekstil.com\/index.php?rest_route=\/wp\/v2\/users\/1"}],"replies":[{"embeddable":true,"href":"https:\/\/filiktekstil.com\/index.php?rest_route=%2Fwp%2Fv2%2Fcomments&post=16589"}],"version-history":[{"count":2,"href":"https:\/\/filiktekstil.com\/index.php?rest_route=\/wp\/v2\/pages\/16589\/revisions"}],"predecessor-version":[{"id":16668,"href":"https:\/\/filiktekstil.com\/index.php?rest_route=\/wp\/v2\/pages\/16589\/revisions\/16668"}],"up":[{"embeddable":true,"href":"https:\/\/filiktekstil.com\/index.php?rest_route=\/wp\/v2\/pages\/16587"}],"wp:attachment":[{"href":"https:\/\/filiktekstil.com\/index.php?rest_route=%2Fwp%2Fv2%2Fmedia&parent=16589"}],"curies":[{"name":"wp","href":"https:\/\/api.w.org\/{rel}","templated":true}]}}