{"id":16591,"date":"2024-04-27T00:57:57","date_gmt":"2024-04-26T21:57:57","guid":{"rendered":"http:\/\/filiktekstil.com\/?page_id=16591"},"modified":"2024-04-27T00:57:57","modified_gmt":"2024-04-26T21:57:57","slug":"recursos-humanos","status":"publish","type":"page","link":"https:\/\/filiktekstil.com\/?page_id=16591&lang=es","title":{"rendered":"RECURSOS HUMANOS"},"content":{"rendered":"<p>[vc_row css=&#8221;.vc_custom_1677777810627{margin-top: 50px !important;}&#8221;][vc_column width=&#8221;1\/2&#8243;][vc_single_image image=&#8221;16419&#8243; img_size=&#8221;full&#8221;][\/vc_column][vc_column width=&#8221;1\/2&#8243;]<div id=\"ultimate-heading-779669e3591fd9cf1\" class=\"uvc-heading ult-adjust-bottom-margin ultimate-heading-779669e3591fd9cf1 uvc-636  uvc-heading-default-font-sizes\" data-hspacer=\"no_spacer\"  data-halign=\"left\" style=\"text-align:left\"><div class=\"uvc-heading-spacer no_spacer\" style=\"top\"><\/div><div class=\"uvc-main-heading ult-responsive\"  data-ultimate-target='.uvc-heading.ultimate-heading-779669e3591fd9cf1 h2'  data-responsive-json-new='{\"font-size\":\"\",\"line-height\":\"\"}' ><h2 style=\"--font-weight:theme;\">EL VALOR M\u00c1S IMPORTANTE ES EL PERSONAL.<\/h2><\/div><\/div>[vc_column_text]En Filik Textil, nuestra filosof\u00eda arraigada en la sostenibilidad y la conciencia ambiental tambi\u00e9n da forma a nuestra pol\u00edtica de recursos humanos. Nuestros empleados est\u00e1n en el centro de nuestra visi\u00f3n, y su desarrollo profesional, la salud y seguridad ocupacional, as\u00ed como sus derechos personales y profesionales, son una parte integral de nuestra pr\u00e1ctica empresarial.<\/p>\n<p><strong>Desarrollo y Formaci\u00f3n de Empleados:<\/strong> La educaci\u00f3n y desarrollo continuos de nuestros empleados son una prioridad para nosotros. Proporcionamos capacitaciones regulares sobre protecci\u00f3n ambiental, sostenibilidad y pr\u00e1cticas comerciales \u00e9ticas, para que cada individuo est\u00e9 al tanto de las innovaciones de la industria y contribuya al objetivo de la empresa de reducir nuestra huella ecol\u00f3gica.<\/p>\n<p><strong>Salud y Seguridad:<\/strong> Nos comprometemos a mantener los m\u00e1s altos est\u00e1ndares de salud y seguridad ocupacional. A trav\u00e9s de an\u00e1lisis de riesgos e inspecciones regulares, aspiramos a mejorar continuamente el ambiente laboral y garantizar un entorno seguro para todos los empleados.<\/p>\n<p><strong>Igualdad de Oportunidades y Diversidad:<\/strong> Creemos en la diversidad e inclusi\u00f3n y nos comprometemos a crear oportunidades iguales para todos. Nuestros procesos de reclutamiento y desarrollo de carrera siguen un principio de igualdad completa sin discriminaci\u00f3n por g\u00e9nero, raza, etnia, religi\u00f3n o edad. Estamos especialmente comprometidos con el empoderamiento de las mujeres en la fuerza laboral y aumentar su representaci\u00f3n en puestos de liderazgo, ya que creemos que la participaci\u00f3n de las mujeres no solo agrega valor a nuestra empresa sino tambi\u00e9n a la sociedad en general.<\/p>\n<p><strong>Condiciones Laborales y Derechos de los Empleados:<\/strong> Respetamos los derechos de nuestros empleados y seguimos una pol\u00edtica que supera los est\u00e1ndares de la industria en cuanto a horarios de trabajo justos, salarios y derechos sociales. Adem\u00e1s, fomentamos una cultura corporativa donde se escuchan las voces de los empleados, y pueden compartir c\u00f3modamente sus pensamientos y sugerencias.<\/p>\n<p><strong>\u00c9tica y Transparencia<\/strong>: La \u00e9tica y la transparencia son fundamentales para nuestras operaciones. Esperamos honestidad y apertura en nuestras relaciones con todos los interesados, desde nuestros empleados hasta nuestros proveedores y clientes.<\/p>\n<p><strong>Conciencia de Responsabilidad Ambiental:<\/strong> Alentamos a nuestros empleados a participar en proyectos de responsabilidad ambiental y apoyamos sus esfuerzos voluntarios en esta \u00e1rea. As\u00ed, les ayudamos a adoptar principios de sostenibilidad no solo en sus vidas profesionales sino tambi\u00e9n personales.<\/p>\n<p>En Filik Textil, de acuerdo con estos principios, aspiramos a maximizar el valor y potencial de nuestros empleados. Su desarrollo personal y profesional garantiza el \u00e9xito general de nuestra empresa y la seguridad de nuestro futuro sostenible. Estamos comprometidos a proporcionar todo el apoyo y recursos necesarios para el empoderamiento y liderazgo de nuestras empleadas en el sector, ya que sus contribuciones son nuestra mayor fortaleza.[\/vc_column_text][\/vc_column][\/vc_row]<\/p>\n","protected":false},"excerpt":{"rendered":"<p>[vc_row css=&#8221;.vc_custom_1677777810627{margin-top: 50px !important;}&#8221;][vc_column width=&#8221;1\/2&#8243;][vc_single_image image=&#8221;16419&#8243; img_size=&#8221;full&#8221;][\/vc_column][vc_column width=&#8221;1\/2&#8243;][vc_column_text]En Filik Textil, nuestra filosof\u00eda arraigada en la sostenibilidad y la conciencia ambiental tambi\u00e9n da forma a nuestra pol\u00edtica de recursos humanos. Nuestros empleados est\u00e1n en el centro de nuestra visi\u00f3n, y su desarrollo profesional, la salud y seguridad ocupacional, as\u00ed como sus derechos personales y profesionales, son&hellip;<\/p>\n","protected":false},"author":1,"featured_media":0,"parent":16587,"menu_order":500,"comment_status":"closed","ping_status":"closed","template":"","meta":{"footnotes":""},"class_list":["post-16591","page","type-page","status-publish","hentry","description-off"],"_links":{"self":[{"href":"https:\/\/filiktekstil.com\/index.php?rest_route=\/wp\/v2\/pages\/16591","targetHints":{"allow":["GET"]}}],"collection":[{"href":"https:\/\/filiktekstil.com\/index.php?rest_route=\/wp\/v2\/pages"}],"about":[{"href":"https:\/\/filiktekstil.com\/index.php?rest_route=\/wp\/v2\/types\/page"}],"author":[{"embeddable":true,"href":"https:\/\/filiktekstil.com\/index.php?rest_route=\/wp\/v2\/users\/1"}],"replies":[{"embeddable":true,"href":"https:\/\/filiktekstil.com\/index.php?rest_route=%2Fwp%2Fv2%2Fcomments&post=16591"}],"version-history":[{"count":1,"href":"https:\/\/filiktekstil.com\/index.php?rest_route=\/wp\/v2\/pages\/16591\/revisions"}],"predecessor-version":[{"id":16592,"href":"https:\/\/filiktekstil.com\/index.php?rest_route=\/wp\/v2\/pages\/16591\/revisions\/16592"}],"up":[{"embeddable":true,"href":"https:\/\/filiktekstil.com\/index.php?rest_route=\/wp\/v2\/pages\/16587"}],"wp:attachment":[{"href":"https:\/\/filiktekstil.com\/index.php?rest_route=%2Fwp%2Fv2%2Fmedia&parent=16591"}],"curies":[{"name":"wp","href":"https:\/\/api.w.org\/{rel}","templated":true}]}}